{"id":38,"date":"2019-09-05T18:42:54","date_gmt":"2019-09-05T18:42:54","guid":{"rendered":"http:\/\/tangofestival.tangofreunde-hamburg.de\/?page_id=38"},"modified":"2020-01-05T22:00:16","modified_gmt":"2020-01-05T22:00:16","slug":"festival-djs","status":"publish","type":"page","link":"https:\/\/tango-festival-hamburg.de\/?page_id=38","title":{"rendered":"Festival DJs"},"content":{"rendered":"\n<h4 id=\"dj_martin\"><strong>DJ Martin Almir\u00f3n (Argentina) &#8211; 25.01.2020<\/strong><\/h4>\n\n\n\n<div class=\"wp-block-image\"><figure class=\"alignright is-resized\"><img loading=\"lazy\" src=\"https:\/\/tango-festival-hamburg.de\/wp-content\/uploads\/2019\/10\/Martin-683x1024.jpg\" alt=\"\" class=\"wp-image-158\" width=\"305\" height=\"457\" srcset=\"https:\/\/tango-festival-hamburg.de\/wp-content\/uploads\/2019\/10\/Martin-683x1024.jpg 683w, https:\/\/tango-festival-hamburg.de\/wp-content\/uploads\/2019\/10\/Martin-200x300.jpg 200w, https:\/\/tango-festival-hamburg.de\/wp-content\/uploads\/2019\/10\/Martin-768x1152.jpg 768w, https:\/\/tango-festival-hamburg.de\/wp-content\/uploads\/2019\/10\/Martin.jpg 1365w\" sizes=\"(max-width: 305px) 100vw, 305px\" \/><\/figure><\/div>\n\n\n\n<p>Tango bedeutet f\u00fcr mich&nbsp;<strong>Leidenschaft<\/strong>&nbsp;und&nbsp;<strong>Lebensfreude<\/strong>. Diese positiven Emotionen sollen sich auch in der Musikauswahl wiederfinden. Mein Ziel ist es, dass sich jeder Gast von der Musik tragen und treiben lassen und sich wohl f\u00fchlen kann!<\/p>\n\n\n\n<p>Ich lege daher viel Wert auf&nbsp;<strong>tanzbare<\/strong>&nbsp;Musik. Die Musikauswahl entspricht dem vor mir stehenden G\u00e4sten. Ich freue mich nat\u00fcrlich den einen oder anderen mindestens einmal am Abend mit etwas neuem \u00fcberraschen zu k\u00f6nnen. Ich lege traditionelle Tangos auf. Traditionell hei\u00dft bei mir nicht unbedingt immer sehr alt. Neuinterpretationen beispielsweiser aktueller Orchester habe ich ebenso gern mit dabei wie sch\u00f6nes altes.<\/p>\n\n\n\n<p class=\"english-text\">Tango for me means&nbsp;<strong>passion<\/strong>&nbsp;and&nbsp;<strong>joy of life<\/strong>. These positive emotions should also be reflected in the choice of music. It is my goal that every guest can be carried and driven by the music and feel comfortable!<\/p>\n\n\n\n<p class=\"english-text\">Therefore I place great value on&nbsp;<strong>danceable<\/strong>&nbsp;music. The music selection suits the guests standing in front of me. Of course I am happy to surprise one or the other at least once in the evening with something new. I play traditional tangos. For me, traditional doesn&#8217;t necessarily always mean very old. I like new interpretations by current orchestras as well as beautiful old ones.<br><\/p>\n\n\n\n<h4 id=\"dj_elonga\"><strong>elonga DJ-Team Isabella &amp; Iwan (Germany: M\u00f6nchengladbach) &#8211; 25.01.2020<\/strong><\/h4>\n\n\n\n<div class=\"wp-block-image\"><figure class=\"alignleft is-resized\"><img loading=\"lazy\" src=\"https:\/\/tango-festival-hamburg.de\/wp-content\/uploads\/2019\/10\/Iwan_Isabella.jpeg\" alt=\"\" class=\"wp-image-160\" width=\"305\" height=\"263\" srcset=\"https:\/\/tango-festival-hamburg.de\/wp-content\/uploads\/2019\/10\/Iwan_Isabella.jpeg 558w, https:\/\/tango-festival-hamburg.de\/wp-content\/uploads\/2019\/10\/Iwan_Isabella-300x259.jpeg 300w\" sizes=\"(max-width: 305px) 100vw, 305px\" \/><\/figure><\/div>\n\n\n\n<p><strong><span style=\"color: red\">e<\/span><\/strong>-longa ist das Markenzeichen des Paares Isabella &amp; Iwan..&nbsp;<br>\u201eWas uns bewegt und uns tanzend macht ist die Musik, In unserem Tanz und unserem DJing sind die \u201ee\u201c\u00b4s sehr wichtig:&nbsp;<br><strong><span style=\"color: red\">e<\/span><\/strong>-inf\u00fchlsam&nbsp;<strong><span style=\"color: red\">e<\/span><\/strong>-xperimentel&nbsp;<strong><span style=\"color: red\">e<\/span><\/strong>-xtatisch&nbsp;<strong><span style=\"color: red\">e<\/span><\/strong>-entspannt&nbsp;<strong><span style=\"color: red\">e<\/span><\/strong>-benb\u00fcrtig&nbsp;<strong><span style=\"color: red\">e<\/span><\/strong>-motional&nbsp;<strong><span style=\"color: red\">e<\/span><\/strong>-ins. Deshalb ist es notwendig das die Musik atmet, inspiriert und Raum f\u00fcr die \u201ee\u201c\u00b4s macht&nbsp;und zum Tango tanzen inspiriert.<\/p>\n\n\n\n<p class=\"english-text\"><span style=\"color: red\">e<\/span>-longa is the trademark of the couple Isabella &amp; Iwan\u2026 <br> &#8222;What moves us and makes us dance is the music. In our dance and our DJing the &#8222;e&#8220;\u00b4s are very important: <br> s-<span style=\"color: red\">e<\/span>-nsitive <span style=\"color: red\">e<\/span>-xperimental <span style=\"color: red\">e<\/span>-xtatic r-<span style=\"color: red\">e<\/span>-laxed <span style=\"color: red\">e<\/span>-qual <span style=\"color: red\">e<\/span>-motional on-<span style=\"color: red\">e<\/span>. Therefore it is necessary that the music breathes, inspires and makes room for the &#8222;e&#8220;\u00b4s and inspires to tango dancing.<\/p>\n\n\n\n<h4 id=\"dj_michael\"><strong>DJ Michael Griffin (Germany) &#8211; 23.01.2020<\/strong><\/h4>\n\n\n\n<div class=\"wp-block-image\"><figure class=\"alignright\"><img loading=\"lazy\" width=\"195\" height=\"250\" src=\"https:\/\/tango-festival-hamburg.de\/wp-content\/uploads\/2019\/10\/Mikel-Griffin.jpg\" alt=\"\" class=\"wp-image-167\"\/><\/figure><\/div>\n\n\n\n<p>Mikel Griffin tanzt seit der Jahrtausendwende Tango auf Milongas von Buenos Aires bis Malm\u00f6. Nach ein paar Jahren kamen das DJ-ing dazu und die Freude daran, andere in den Tangohimmel zu locken. Daf\u00fcr gab es bisher reichlich Gelegenheiten von Kassel bis Kiel, z. B. als regelm\u00e4\u00dfiger DJ verschiedener norddeutscher Milongas. Die Musikauswahl ist traditionell, pr\u00e4sentiert in abwechslungsreichen Tandas mit ausgesuchten Cortinas, reicht von den sp\u00e4ten Zwanzigern bis in die fr\u00fchen Sechziger und hat ihren Schwerpunkt bei den gro\u00dfen Orchestern der 30er und 40er Jahre. <\/p>\n\n\n\n<p class=\"english-text\">Mikel Griffin has been dancing tango on milongas from Buenos Aires to Malm\u00f6 since the turn of the millennium. After a few years DJ-ing and the joy of luring others to the tango heaven came along. So far there have been plenty of opportunities from Kassel to Kiel, e.g. as a regular DJ of various Northern German milongas. The music selection is traditional, presented in multifaceted tandas with selected Cortinas, reaches from the late twenties to the early sixties and has its focus on the big orchestras of the thirties and forties. <\/p>\n\n\n\n<h4 id=\"dj_reinis\"><strong>DJ Reinis Priednieks (Latvia) &#8211; 24.01.2020<\/strong><\/h4>\n\n\n\n<div class=\"wp-block-image\"><figure class=\"alignleft is-resized\"><img loading=\"lazy\" src=\"https:\/\/tango-festival-hamburg.de\/wp-content\/uploads\/2019\/10\/Reinis.jpg\" alt=\"\" class=\"wp-image-168\" width=\"268\" height=\"178\" srcset=\"https:\/\/tango-festival-hamburg.de\/wp-content\/uploads\/2019\/10\/Reinis.jpg 350w, https:\/\/tango-festival-hamburg.de\/wp-content\/uploads\/2019\/10\/Reinis-300x200.jpg 300w\" sizes=\"(max-width: 268px) 100vw, 268px\" \/><\/figure><\/div>\n\n\n\n<p>Reinis legt seit 2010 bei besonderen Anl\u00e4ssen auf, zum Beispiel bei Festivals und Marathonen in Lettland, aber auch in Litauen und Deutschland \u2013 das letzte Mal beim der Freitagsmilonga des vorigen Winterfestvals im Chocolate hier in Hamburg. Seine gr\u00f6sste Inspirationsquelle ist DJ Don Carlos (Goiach), Argentinien\/Oldenburg, der sein Lehrer war und seinen Stil entscheidend gepr\u00e4gt hat.<br>Wo immer er bisher aufgelegt hat, gaben die Tangueros und Tangueras sehr positives Feedback, sie m\u00f6gen seine Struktur und seine Auswahl der Musik.<br>Die Tandas werden so geordnet, dass sie das Herz ber\u00fchren und die Beine sich von selber bewegen und zwar mit gut-tanzbarer Musik, wobei Sie \u00f6fters ihre Lieblingsst\u00fccke erkennen werden. <\/p>\n\n\n\n<p class=\"english-text\">Reinis has been DJing on special occasions since 2010 \u2013 at festivals and marathons in Latvia. He also played in Lithuania and in Germany with great success, for example at the fridays Milonga of last year\u2019s Winterfestival at Tango Chocolate! His main inspiration and also training comes from DJ Don Carlos (Goiach), Argentina\/Oldenburg, who has given him a lot of good advice and some nice CDs.<br>Wherever he played so far, the tangueros gave him very positive feedback, they like his structure and selection of music.<br>He puts the tandas with the intention to touch your hearts and move your legs to well-danceable music and you will often hear your favorite songs. <\/p>\n\n\n\n<h4 id=\"dj_peter\"><strong>DJ Peter R\u00fccknagel (Germany) &#8211; 26.01.2020<\/strong><\/h4>\n\n\n\n<div class=\"wp-block-image\"><figure class=\"alignright\"><img loading=\"lazy\" width=\"249\" height=\"248\" src=\"https:\/\/tango-festival-hamburg.de\/wp-content\/uploads\/2019\/10\/Peter.jpg\" alt=\"\" class=\"wp-image-169\" srcset=\"https:\/\/tango-festival-hamburg.de\/wp-content\/uploads\/2019\/10\/Peter.jpg 249w, https:\/\/tango-festival-hamburg.de\/wp-content\/uploads\/2019\/10\/Peter-150x150.jpg 150w\" sizes=\"(max-width: 249px) 100vw, 249px\" \/><\/figure><\/div>\n\n\n\n<p>DJ Peter R\u00fccknagel steht f\u00fcr Musik auf h\u00f6chstem Niveau &#8211; eine Mischung aus bekannten Musikst\u00fccken und seltenen Perlen der Tangomusik kommt bei ihm auf die Menuekarte der Tandas, die er uns an diesem Abend serviert. Tango in seiner urspr\u00fcnglichen Form, scheinbar geradewegs aus den Milongas in Buenos Aires ins Tango Chocolate importiert &#8211; sinnlich, leidenschaftlich, gef\u00fchlvoll, wild, sentimental oder z\u00e4rtlich-romantisch, ein Kaleidokop der Gef\u00fchle, das den Tango so besonders macht. <\/p>\n\n\n\n<p class=\"english-text\">DJ Peter R\u00fccknagel stands for music on the highest level &#8211; a mixture of well known recordings and rare gems of tangomusic is on his menue of tandas that are served this evening. Authentic tango as imported directly from the milongas in Buenos Aires to Chocolate in Hamburg &#8211; sensual, passionate, lyrical, wild, sentimental or caressingly romatic, a kaleidoscope of feelings that makes the Tango so especial. <\/p>\n","protected":false},"excerpt":{"rendered":"<p>DJ Martin Almir\u00f3n (Argentina) &#8211; 25.01.2020 Tango bedeutet f\u00fcr mich&nbsp;Leidenschaft&nbsp;und&nbsp;Lebensfreude. Diese positiven Emotionen sollen sich auch in der Musikauswahl wiederfinden. Mein Ziel ist es, dass sich jeder Gast von der Musik tragen und treiben lassen und sich wohl f\u00fchlen kann! Ich lege daher viel Wert auf&nbsp;tanzbare&nbsp;Musik. Die Musikauswahl entspricht dem vor mir stehenden G\u00e4sten. Ich [&hellip;]<\/p>\n","protected":false},"author":1,"featured_media":0,"parent":0,"menu_order":0,"comment_status":"closed","ping_status":"closed","template":"","meta":[],"_links":{"self":[{"href":"https:\/\/tango-festival-hamburg.de\/index.php?rest_route=\/wp\/v2\/pages\/38"}],"collection":[{"href":"https:\/\/tango-festival-hamburg.de\/index.php?rest_route=\/wp\/v2\/pages"}],"about":[{"href":"https:\/\/tango-festival-hamburg.de\/index.php?rest_route=\/wp\/v2\/types\/page"}],"author":[{"embeddable":true,"href":"https:\/\/tango-festival-hamburg.de\/index.php?rest_route=\/wp\/v2\/users\/1"}],"replies":[{"embeddable":true,"href":"https:\/\/tango-festival-hamburg.de\/index.php?rest_route=%2Fwp%2Fv2%2Fcomments&post=38"}],"version-history":[{"count":21,"href":"https:\/\/tango-festival-hamburg.de\/index.php?rest_route=\/wp\/v2\/pages\/38\/revisions"}],"predecessor-version":[{"id":251,"href":"https:\/\/tango-festival-hamburg.de\/index.php?rest_route=\/wp\/v2\/pages\/38\/revisions\/251"}],"wp:attachment":[{"href":"https:\/\/tango-festival-hamburg.de\/index.php?rest_route=%2Fwp%2Fv2%2Fmedia&parent=38"}],"curies":[{"name":"wp","href":"https:\/\/api.w.org\/{rel}","templated":true}]}}