{"id":319,"date":"2022-02-13T20:05:25","date_gmt":"2022-02-13T20:05:25","guid":{"rendered":"https:\/\/tango-festival-hamburg.de\/?page_id=319"},"modified":"2022-02-13T20:45:57","modified_gmt":"2022-02-13T20:45:57","slug":"home","status":"publish","type":"page","link":"https:\/\/tango-festival-hamburg.de\/?page_id=319","title":{"rendered":"Home"},"content":{"rendered":"\n<h2 class=\"kt-adv-heading_917654-89 wp-block-kadence-advancedheading\" data-kb-block=\"kb-adv-heading_917654-89\">Schade, schade, schade\u2026<\/h2>\n\n\n\n<p>die erwartete Corona-Lage macht es leider unm\u00f6glich den Winterfestival-Termin 3. \u2013 6. Februar zu halten. Wir hoffen, dass wir das Festival dann im Fr\u00fchling durchf\u00fchren k\u00f6nnen \u2013 sozusagen als \u201eTanz in den Mai\u201c. Wir halten Euch auf dem Laufenden.<\/p>\n\n\n\n<p>In diesem Sinne w\u00fcnschen wir Euch eine beschauliche Weihnachtszeit und ein GESUNDES Neues Jahr.<\/p>\n\n\n\n<p>Euer Team der Tangofreunde Hamburg und des Tango Chocolate.<\/p>\n","protected":false},"excerpt":{"rendered":"<p>Schade, schade, schade\u2026 die erwartete Corona-Lage macht es leider unm\u00f6glich den Winterfestival-Termin 3. \u2013 6. Februar zu halten. Wir hoffen, dass wir das Festival dann im Fr\u00fchling durchf\u00fchren k\u00f6nnen \u2013 sozusagen als \u201eTanz in den Mai\u201c. Wir halten Euch auf dem Laufenden. In diesem Sinne w\u00fcnschen wir Euch eine beschauliche Weihnachtszeit und ein GESUNDES Neues [&hellip;]<\/p>\n","protected":false},"author":1,"featured_media":0,"parent":0,"menu_order":0,"comment_status":"closed","ping_status":"closed","template":"","meta":[],"_links":{"self":[{"href":"https:\/\/tango-festival-hamburg.de\/index.php?rest_route=\/wp\/v2\/pages\/319"}],"collection":[{"href":"https:\/\/tango-festival-hamburg.de\/index.php?rest_route=\/wp\/v2\/pages"}],"about":[{"href":"https:\/\/tango-festival-hamburg.de\/index.php?rest_route=\/wp\/v2\/types\/page"}],"author":[{"embeddable":true,"href":"https:\/\/tango-festival-hamburg.de\/index.php?rest_route=\/wp\/v2\/users\/1"}],"replies":[{"embeddable":true,"href":"https:\/\/tango-festival-hamburg.de\/index.php?rest_route=%2Fwp%2Fv2%2Fcomments&post=319"}],"version-history":[{"count":1,"href":"https:\/\/tango-festival-hamburg.de\/index.php?rest_route=\/wp\/v2\/pages\/319\/revisions"}],"predecessor-version":[{"id":321,"href":"https:\/\/tango-festival-hamburg.de\/index.php?rest_route=\/wp\/v2\/pages\/319\/revisions\/321"}],"wp:attachment":[{"href":"https:\/\/tango-festival-hamburg.de\/index.php?rest_route=%2Fwp%2Fv2%2Fmedia&parent=319"}],"curies":[{"name":"wp","href":"https:\/\/api.w.org\/{rel}","templated":true}]}}